{"id":1336,"date":"2022-02-02T12:19:24","date_gmt":"2022-02-02T12:19:24","guid":{"rendered":"https:\/\/recoverycabin.com\/?page_id=1336"},"modified":"2023-11-16T11:58:06","modified_gmt":"2023-11-16T11:58:06","slug":"recovery-cabin-mobiel","status":"publish","type":"page","link":"https:\/\/recoverycabin.com\/en\/recovery-cabin-mobiel\/","title":{"rendered":"Recovery Cabin Mobile"},"content":{"rendered":"<p>[et_pb_section fb_built=&#8221;1&#8243; admin_label=&#8221;Services&#8221; _builder_version=&#8221;4.16&#8243; _module_preset=&#8221;default&#8221; custom_margin=&#8221;||||false|false&#8221; custom_padding=&#8221;||||false|false&#8221; global_colors_info=&#8221;{}&#8221;][et_pb_row _builder_version=&#8221;4.16&#8243; _module_preset=&#8221;default&#8221; min_height=&#8221;1164.3px&#8221; custom_margin=&#8221;|auto||151px||&#8221; custom_padding=&#8221;19px|||||&#8221; global_colors_info=&#8221;{}&#8221;][et_pb_column type=&#8221;4_4&#8243; _builder_version=&#8221;4.16&#8243; _module_preset=&#8221;default&#8221; global_colors_info=&#8221;{}&#8221;][et_pb_blurb title=&#8221;Recovery Mobiel&#8221; use_icon=&#8221;on&#8221; icon_alignment=&#8221;left&#8221; content_max_width=&#8221;100%&#8221; _builder_version=&#8221;4.23.1&#8243; _module_preset=&#8221;default&#8221; header_font=&#8221;Bebas Neue||||||||&#8221; header_font_size=&#8221;30px&#8221; header_line_height=&#8221;1.2em&#8221; body_font_size=&#8221;16px&#8221; body_line_height=&#8221;1.8em&#8221; animation=&#8221;off&#8221; hover_enabled=&#8221;0&#8243; header_font_size_tablet=&#8221;24px&#8221; header_font_size_phone=&#8221;20px&#8221; header_font_size_last_edited=&#8221;on|phone&#8221; body_font_size_tablet=&#8221;&#8221; body_font_size_phone=&#8221;14px&#8221; body_font_size_last_edited=&#8221;on|phone&#8221; global_colors_info=&#8221;{}&#8221; sticky_enabled=&#8221;0&#8243;]<\/p>\n<p><span style=\"font-weight: 400;\">We hebben de Recovery Cabin mobiel gemaakt voor onze partners, cli\u00ebnten en bedrijven die voor een speciale gelegenheid willen werken met de Recovery Cabin.<\/span><\/p>\n<p><span style=\"font-weight: 400;\">Voor partners is het een promotietool om te gebruiken bij:<\/span><\/p>\n<ul>\n<li style=\"font-weight: 400;\" aria-level=\"1\"><span style=\"font-weight: 400;\">Beurzen.<\/span><\/li>\n<li style=\"font-weight: 400;\" aria-level=\"1\"><span style=\"font-weight: 400;\">Recovery Themadagen bijvoorbeeld een speciale \u201cDetox Week\u201d.<\/span><\/li>\n<li style=\"font-weight: 400;\" aria-level=\"1\"><span style=\"font-weight: 400;\">Recovery Yoga Retreat.\u00a0\u00a0<\/span><\/li>\n<\/ul>\n<p><span style=\"font-weight: 400;\">Voor cli\u00ebnten wordt de Recovery Mobiel ingezet bij mensen die herstellende zijn van\u00a0 bepaalde ziekten en aandoeningen. Actuele voorbeelden zijn: herstel van Long Covid, een persoon met ALS in een beginstadium, MS, chronische gewrichtsontsteking en pijnlijke spieren (reuma), maar ook personen met chronisch slaapproblemen, sportblessures enzovoorts. Je kunt <\/span><a href=\"mailto:eddy@recoverycabin.com\"><span style=\"font-weight: 400;\">altijd advies <\/span><\/a><span style=\"font-weight: 400;\">vragen of de Recovery Mobiel een toegevoegde waarde is voor jouw probleem.<\/span><\/p>\n<p><span style=\"font-weight: 400;\">De Recovery Mobiel wordt niet in alle gevallen direct verhuurd; eerst moet er een detox programma zijn gevolgd en afgerond. Reageert het lichaam zoals verwacht, dan wordt er een schema opgesteld zodat we op een optimaal resultaat kunnen aansturen.<\/span><\/p>\n<p><span style=\"font-weight: 400;\">Voor bedrijven is de Recovery Mobiel te gebruiken bij diverse gelegenheden. Voor het stimuleren van het werkplezier, meer vitaliteit en focus bij je personeel (programma Succes &amp; Focus) of het speciale programma &#8220;powernap&#8221; is de Recovery Mobiel zeer geschikt.\u00a0 Wil je als Beauty salon je klanten een zachte stralende huid verzorgen (programma Beauty &amp; Wellness)? Ga dan een test aan met de Recovery Mobiel.\u00a0<\/span><\/p>\n<p><span style=\"font-weight: 400;\">Reserveer je als bedrijf de Recovery Cabin mobiel voor de eerste keer, dan huur je onze begeleiding er bij!! Wij begeleiden en organiseren de sessies gedurende de dag. Mocht er behoefte zijn tot meer diepgang d.m.v. bijvoorbeeld coachingsgesprekken, is dat tegen een meerprijs natuurlijk mogelijk. Zie hier onze mogelijkheden <a href=\"https:\/\/balans-healing.nl\/\" target=\"_blank\" rel=\"noopener\">\u00a0Balans &#8211; Healing.nl<\/a>\u00a0<\/span><\/p>\n<p>&nbsp;<\/p>\n<p><span style=\"font-weight: 400;\">Prijzen huur Recovery Cabin Mobiel<\/span><\/p>\n<table border=\"1\" style=\"border-collapse: collapse; width: 35.634%;\" height=\"86\">\n<tbody>\n<tr>\n<td style=\"width: 50%;\"><span>Per maand<\/span><\/td>\n<td style=\"width: 50%;\">\u00a0<span>2000,00<\/span><\/td>\n<\/tr>\n<tr>\n<td style=\"width: 50%;\"><span>Per week<\/span><\/td>\n<td style=\"width: 50%;\">\u00a0<span>500,00<\/span><\/td>\n<\/tr>\n<tr>\n<td style=\"width: 50%;\"><span>Per dag<\/span><\/td>\n<td style=\"width: 50%;\">\u00a0250,00<\/td>\n<\/tr>\n<\/tbody>\n<\/table>\n<p><span style=\"font-weight: 400;\">Prijzen zijn exclusief btw\u00a0<\/span><\/p>\n<p><span style=\"font-weight: 400;\">Wil je als bedrijf een abonnement afsluiten op basis van de ARBO-maatregel met fiscale voordelen is dat mogelijk. <a href=\"https:\/\/recoverycabin.com\/recovery-cabin-is-kostendbesparend\/\">Lees hier Recovery Cabin is kostenbesparend<\/a>.<br \/>Het abonnement omvat elke maand \u00e9\u00e9n dag de Recovery Cabin gedurende \u00e9\u00e9n jaar op je bedrijfsterrein.\u00a0<\/span><span style=\"font-weight: 400;\"><\/span><\/p>\n<p><span style=\"font-weight: 400;\">Heb je interesse of wil je meer informatie <a href=\"mailto:eddy@recoverycabin.com\">mail ons\u00a0<\/a><\/span><\/p>\n<p>[\/et_pb_blurb][et_pb_blurb use_icon=&#8221;on&#8221; icon_alignment=&#8221;left&#8221; content_max_width=&#8221;100%&#8221; _builder_version=&#8221;4.16&#8243; _module_preset=&#8221;default&#8221; header_font=&#8221;Bebas Neue||||||||&#8221; header_font_size=&#8221;30px&#8221; header_line_height=&#8221;1.2em&#8221; body_font_size=&#8221;16px&#8221; body_line_height=&#8221;1.8em&#8221; custom_padding=&#8221;1px|||||&#8221; animation=&#8221;off&#8221; header_font_size_tablet=&#8221;24px&#8221; header_font_size_phone=&#8221;20px&#8221; header_font_size_last_edited=&#8221;on|phone&#8221; body_font_size_tablet=&#8221;&#8221; body_font_size_phone=&#8221;14px&#8221; body_font_size_last_edited=&#8221;on|phone&#8221; global_colors_info=&#8221;{}&#8221;]<\/p>\n<p>&nbsp;<\/p>\n<p class=\"mobile-undersized-upper\">\n<p>[\/et_pb_blurb][\/et_pb_column][\/et_pb_row][\/et_pb_section][et_pb_section fb_built=&#8221;1&#8243; fullwidth=&#8221;on&#8221; _builder_version=&#8221;4.16&#8243; _module_preset=&#8221;default&#8221; global_colors_info=&#8221;{}&#8221;][et_pb_fullwidth_image src=&#8221;https:\/\/recoverycabin.com\/wp-content\/uploads\/2022\/02\/recovery-mobiel-scaled.jpg&#8221; title_text=&#8221;recovery mobiel&#8221; _builder_version=&#8221;4.16&#8243; _module_preset=&#8221;default&#8221; global_colors_info=&#8221;{}&#8221;][\/et_pb_fullwidth_image][\/et_pb_section]<\/p>\n","protected":false},"excerpt":{"rendered":"<p>We hebben de Recovery Cabin mobiel gemaakt voor onze partners, cli\u00ebnten en bedrijven die voor een speciale gelegenheid willen werken met de Recovery Cabin. Voor partners is het een promotietool om te gebruiken bij: Beurzen. Recovery Themadagen bijvoorbeeld een speciale \u201cDetox Week\u201d. Recovery Yoga Retreat.\u00a0\u00a0 Voor cli\u00ebnten wordt de Recovery Mobiel ingezet bij mensen die [&hellip;]<\/p>\n","protected":false},"author":2,"featured_media":0,"parent":0,"menu_order":0,"comment_status":"closed","ping_status":"closed","template":"","meta":{"_et_pb_use_builder":"on","_et_pb_old_content":"","_et_gb_content_width":"","footnotes":""},"class_list":["post-1336","page","type-page","status-publish","hentry"],"yoast_head":"<!-- This site is optimized with the Yoast SEO plugin v27.5 - https:\/\/yoast.com\/product\/yoast-seo-wordpress\/ -->\n<title>Recovery Cabin Mobiel - Health, Mind &amp; Body<\/title>\n<meta name=\"description\" content=\"Onze Recovery Cabin Mobiel is er speciaal voor eendaagse of meerdaagse evenementen bij bedrijven en cli\u00ebnten met specifieke klachten.\" \/>\n<meta name=\"robots\" content=\"index, follow, max-snippet:-1, max-image-preview:large, max-video-preview:-1\" \/>\n<link rel=\"canonical\" href=\"https:\/\/recoverycabin.com\/en\/recovery-cabin-mobiel\/\" \/>\n<meta property=\"og:locale\" content=\"en_GB\" \/>\n<meta property=\"og:type\" content=\"article\" \/>\n<meta property=\"og:title\" content=\"Recovery Cabin Mobiel - Health, Mind &amp; Body\" \/>\n<meta property=\"og:description\" content=\"Onze Recovery Cabin Mobiel is er speciaal voor eendaagse of meerdaagse evenementen bij bedrijven en cli\u00ebnten met specifieke klachten.\" \/>\n<meta property=\"og:url\" content=\"https:\/\/recoverycabin.com\/en\/recovery-cabin-mobiel\/\" \/>\n<meta property=\"og:site_name\" content=\"Health, Mind &amp; Body\" \/>\n<meta property=\"article:publisher\" content=\"https:\/\/www.facebook.com\/recoverycabin\" \/>\n<meta property=\"article:modified_time\" content=\"2023-11-16T11:58:06+00:00\" \/>\n<meta name=\"twitter:card\" content=\"summary_large_image\" \/>\n<script type=\"application\/ld+json\" class=\"yoast-schema-graph\">{\"@context\":\"https:\\\/\\\/schema.org\",\"@graph\":[{\"@type\":\"WebPage\",\"@id\":\"https:\\\/\\\/recoverycabin.com\\\/recovery-cabin-mobiel\\\/\",\"url\":\"https:\\\/\\\/recoverycabin.com\\\/recovery-cabin-mobiel\\\/\",\"name\":\"Recovery Cabin Mobiel - Health, Mind &amp; Body\",\"isPartOf\":{\"@id\":\"https:\\\/\\\/recoverycabin.com\\\/#website\"},\"datePublished\":\"2022-02-02T12:19:24+00:00\",\"dateModified\":\"2023-11-16T11:58:06+00:00\",\"description\":\"Onze Recovery Cabin Mobiel is er speciaal voor eendaagse of meerdaagse evenementen bij bedrijven en cli\u00ebnten met specifieke klachten.\",\"breadcrumb\":{\"@id\":\"https:\\\/\\\/recoverycabin.com\\\/recovery-cabin-mobiel\\\/#breadcrumb\"},\"inLanguage\":\"en-GB\",\"potentialAction\":[{\"@type\":\"ReadAction\",\"target\":[\"https:\\\/\\\/recoverycabin.com\\\/recovery-cabin-mobiel\\\/\"]}]},{\"@type\":\"BreadcrumbList\",\"@id\":\"https:\\\/\\\/recoverycabin.com\\\/recovery-cabin-mobiel\\\/#breadcrumb\",\"itemListElement\":[{\"@type\":\"ListItem\",\"position\":1,\"name\":\"Home\",\"item\":\"https:\\\/\\\/recoverycabin.com\\\/\"},{\"@type\":\"ListItem\",\"position\":2,\"name\":\"Recovery Cabin Mobiel\"}]},{\"@type\":\"WebSite\",\"@id\":\"https:\\\/\\\/recoverycabin.com\\\/#website\",\"url\":\"https:\\\/\\\/recoverycabin.com\\\/\",\"name\":\"Health, Mind &amp; Body\",\"description\":\"Recovery Cabin\",\"potentialAction\":[{\"@type\":\"SearchAction\",\"target\":{\"@type\":\"EntryPoint\",\"urlTemplate\":\"https:\\\/\\\/recoverycabin.com\\\/?s={search_term_string}\"},\"query-input\":{\"@type\":\"PropertyValueSpecification\",\"valueRequired\":true,\"valueName\":\"search_term_string\"}}],\"inLanguage\":\"en-GB\"}]}<\/script>\n<!-- \/ Yoast SEO plugin. -->","yoast_head_json":{"title":"Recovery Cabin Mobiel - Health, Mind &amp; Body","description":"Onze Recovery Cabin Mobiel is er speciaal voor eendaagse of meerdaagse evenementen bij bedrijven en cli\u00ebnten met specifieke klachten.","robots":{"index":"index","follow":"follow","max-snippet":"max-snippet:-1","max-image-preview":"max-image-preview:large","max-video-preview":"max-video-preview:-1"},"canonical":"https:\/\/recoverycabin.com\/en\/recovery-cabin-mobiel\/","og_locale":"en_GB","og_type":"article","og_title":"Recovery Cabin Mobiel - Health, Mind &amp; Body","og_description":"Onze Recovery Cabin Mobiel is er speciaal voor eendaagse of meerdaagse evenementen bij bedrijven en cli\u00ebnten met specifieke klachten.","og_url":"https:\/\/recoverycabin.com\/en\/recovery-cabin-mobiel\/","og_site_name":"Health, Mind &amp; Body","article_publisher":"https:\/\/www.facebook.com\/recoverycabin","article_modified_time":"2023-11-16T11:58:06+00:00","twitter_card":"summary_large_image","schema":{"@context":"https:\/\/schema.org","@graph":[{"@type":"WebPage","@id":"https:\/\/recoverycabin.com\/recovery-cabin-mobiel\/","url":"https:\/\/recoverycabin.com\/recovery-cabin-mobiel\/","name":"Recovery Cabin Mobiel - Health, Mind &amp; Body","isPartOf":{"@id":"https:\/\/recoverycabin.com\/#website"},"datePublished":"2022-02-02T12:19:24+00:00","dateModified":"2023-11-16T11:58:06+00:00","description":"Onze Recovery Cabin Mobiel is er speciaal voor eendaagse of meerdaagse evenementen bij bedrijven en cli\u00ebnten met specifieke klachten.","breadcrumb":{"@id":"https:\/\/recoverycabin.com\/recovery-cabin-mobiel\/#breadcrumb"},"inLanguage":"en-GB","potentialAction":[{"@type":"ReadAction","target":["https:\/\/recoverycabin.com\/recovery-cabin-mobiel\/"]}]},{"@type":"BreadcrumbList","@id":"https:\/\/recoverycabin.com\/recovery-cabin-mobiel\/#breadcrumb","itemListElement":[{"@type":"ListItem","position":1,"name":"Home","item":"https:\/\/recoverycabin.com\/"},{"@type":"ListItem","position":2,"name":"Recovery Cabin Mobiel"}]},{"@type":"WebSite","@id":"https:\/\/recoverycabin.com\/#website","url":"https:\/\/recoverycabin.com\/","name":"Health, Mind &amp; Body","description":"Recovery Cabin","potentialAction":[{"@type":"SearchAction","target":{"@type":"EntryPoint","urlTemplate":"https:\/\/recoverycabin.com\/?s={search_term_string}"},"query-input":{"@type":"PropertyValueSpecification","valueRequired":true,"valueName":"search_term_string"}}],"inLanguage":"en-GB"}]}},"_links":{"self":[{"href":"https:\/\/recoverycabin.com\/en\/wp-json\/wp\/v2\/pages\/1336","targetHints":{"allow":["GET"]}}],"collection":[{"href":"https:\/\/recoverycabin.com\/en\/wp-json\/wp\/v2\/pages"}],"about":[{"href":"https:\/\/recoverycabin.com\/en\/wp-json\/wp\/v2\/types\/page"}],"author":[{"embeddable":true,"href":"https:\/\/recoverycabin.com\/en\/wp-json\/wp\/v2\/users\/2"}],"replies":[{"embeddable":true,"href":"https:\/\/recoverycabin.com\/en\/wp-json\/wp\/v2\/comments?post=1336"}],"version-history":[{"count":7,"href":"https:\/\/recoverycabin.com\/en\/wp-json\/wp\/v2\/pages\/1336\/revisions"}],"predecessor-version":[{"id":1553,"href":"https:\/\/recoverycabin.com\/en\/wp-json\/wp\/v2\/pages\/1336\/revisions\/1553"}],"wp:attachment":[{"href":"https:\/\/recoverycabin.com\/en\/wp-json\/wp\/v2\/media?parent=1336"}],"curies":[{"name":"wp","href":"https:\/\/api.w.org\/{rel}","templated":true}]}}