{"id":1418,"date":"2022-04-07T07:29:09","date_gmt":"2022-04-07T07:29:09","guid":{"rendered":"https:\/\/recoverycabin.com\/?page_id=1418"},"modified":"2022-04-07T07:34:56","modified_gmt":"2022-04-07T07:34:56","slug":"locatie-meer","status":"publish","type":"page","link":"https:\/\/recoverycabin.com\/en\/locatie-meer\/","title":{"rendered":"Location Meer"},"content":{"rendered":"\n[et_pb_section fb_built=&#8221;1&#8243; admin_label=&#8221;Header&#8221; _builder_version=&#8221;4.6.5&#8243; _module_preset=&#8221;default&#8221;][et_pb_row _builder_version=&#8221;4.9.0&#8243; _module_preset=&#8221;default&#8221;][et_pb_column type=&#8221;4_4&#8243; _builder_version=&#8221;4.6.5&#8243; _module_preset=&#8221;default&#8221;][et_pb_text _builder_version=&#8221;4.9.4&#8243; _module_preset=&#8221;default&#8221; header_font=&#8221;Bebas Neue||||||||&#8221; header_font_size=&#8221;150px&#8221; header_line_height=&#8221;0.9em&#8221; header_font_size_tablet=&#8221;80px&#8221; header_font_size_phone=&#8221;48px&#8221; header_font_size_last_edited=&#8221;on|tablet&#8221; header_line_height_tablet=&#8221;1em&#8221; header_line_height_phone=&#8221;&#8221; header_line_height_last_edited=&#8221;on|desktop&#8221; locked=&#8221;off&#8221;]<h1>LOCATIE Meer<\/h1>[\/et_pb_text][et_pb_text _builder_version=&#8221;4.9.4&#8243; _module_preset=&#8221;default&#8221; text_font=&#8221;||||||||&#8221; text_font_size=&#8221;16px&#8221; text_line_height=&#8221;1.8em&#8221; custom_padding=&#8221;2px|||||&#8221; locked=&#8221;off&#8221;]<p>Met de Recovery Cabin kom je terug naar &#8216;jou&#8217;. Dit door het volgen van een programma wat bij jou past. Het kan zijn dat je dit preventief inzet of gericht op een bepaalde pijnklacht, of iets waar je vanaf wilt.\u00a0<\/p>\n<p>De Recovery Cabin is een infrarood cabine waar je tot tot net boven jouw knie\u00ebn in ligt. Je kiest, al dan niet in overleg, het <a href=\"https:\/\/recoverycabin.com\/programmas\/\">programma<\/a> dat bij je past. Een programma bestaat uit vijf sessies.<\/p>\n<p>Maak kennis met de locatie in Meer | Zundert. Je kunt direct contact opnemen met de locatie voor meer informatie of om te reserveren of je kunt online <a href=\"https:\/\/recoverycabin.com\/afspraak-maken\/\">reserveren<\/a>. Wil je eerst even contact om te kijken of de Recovery Cabin jou verder kan helpen? Uiteraard is dat mogelijk.\u00a0<\/p>\n<p>&nbsp;<\/p>[\/et_pb_text][\/et_pb_column][\/et_pb_row][\/et_pb_section][et_pb_section fb_built=&#8221;1&#8243; _builder_version=&#8221;4.9.4&#8243; _module_preset=&#8221;default&#8221;][et_pb_row column_structure=&#8221;1_3,1_3,1_3&#8243; _builder_version=&#8221;4.9.4&#8243; _module_preset=&#8221;default&#8221;][et_pb_column type=&#8221;1_3&#8243; _builder_version=&#8221;4.9.4&#8243; _module_preset=&#8221;default&#8221;][et_pb_image src=&#8221;https:\/\/recoverycabin.com\/wp-content\/uploads\/2021\/05\/Recovery-Cabin.png&#8221; alt=&#8221;Recovery Cabin&#8221; title_text=&#8221;Recovery Cabin&#8221; _builder_version=&#8221;4.9.4&#8243; _module_preset=&#8221;default&#8221; border_radii=&#8221;on|15px|15px|15px|15px&#8221;][\/et_pb_image][\/et_pb_column][et_pb_column type=&#8221;1_3&#8243; _builder_version=&#8221;4.9.4&#8243; _module_preset=&#8221;default&#8221;][et_pb_image src=&#8221;https:\/\/recoverycabin.com\/wp-content\/uploads\/2021\/05\/Recovery-Cabin-lichaamsanalyse.png&#8221; alt=&#8221;Recovery Cabin lichaamsanalyse&#8221; title_text=&#8221;Recovery Cabin lichaamsanalyse&#8221; _builder_version=&#8221;4.9.4&#8243; _module_preset=&#8221;default&#8221; border_radii=&#8221;on|15px|15px|15px|15px&#8221;][\/et_pb_image][\/et_pb_column][et_pb_column type=&#8221;1_3&#8243; _builder_version=&#8221;4.9.4&#8243; _module_preset=&#8221;default&#8221;][et_pb_image src=&#8221;https:\/\/recoverycabin.com\/wp-content\/uploads\/2022\/04\/brigitte-RC.jpg&#8221; alt=&#8221;Recovery Cabin Ontspanning&#8221; title_text=&#8221;brigitte RC&#8221; _builder_version=&#8221;4.9.4&#8243; _module_preset=&#8221;default&#8221; hover_enabled=&#8221;0&#8243; border_radii=&#8221;on|15px|15px|15px|15px&#8221; sticky_enabled=&#8221;0&#8243;][\/et_pb_image][\/et_pb_column][\/et_pb_row][\/et_pb_section][et_pb_section fb_built=&#8221;1&#8243; admin_label=&#8221;Contact Form&#8221; _builder_version=&#8221;4.6.6&#8243; _module_preset=&#8221;default&#8221;][et_pb_row _builder_version=&#8221;4.9.4&#8243; _module_preset=&#8221;default&#8221;][et_pb_column type=&#8221;4_4&#8243; _builder_version=&#8221;4.6.5&#8243; _module_preset=&#8221;default&#8221;][et_pb_text _builder_version=&#8221;4.9.0&#8243; _module_preset=&#8221;default&#8221; header_2_font=&#8221;Bebas Neue||||||||&#8221; header_2_font_size=&#8221;80px&#8221; custom_margin=&#8221;||10px||false|false&#8221; header_2_font_size_tablet=&#8221;42px&#8221; header_2_font_size_phone=&#8221;30px&#8221; header_2_font_size_last_edited=&#8221;on|phone&#8221; header_2_line_height_tablet=&#8221;1.2em&#8221; header_2_line_height_phone=&#8221;&#8221; header_2_line_height_last_edited=&#8221;on|tablet&#8221; locked=&#8221;off&#8221;]<h2>Interesse?\u00a0<\/h2>[\/et_pb_text][et_pb_contact_form email=&#8221;welkom@recoverycabin.com, brigittebroers@outlook.com &#8221; title=&#8221;Recovery Cabin contactformulier Meer&#8221; success_message=&#8221;Bedankt! Je bericht is succesvol verzonden! &#8221; submit_button_text=&#8221;Versturen&#8221; _builder_version=&#8221;4.9.4&#8243; _module_preset=&#8221;default&#8221; form_field_background_color=&#8221;#ffffff&#8221; form_field_font_size=&#8221;16px&#8221; form_field_line_height=&#8221;1.8em&#8221; custom_button=&#8221;on&#8221; button_text_size=&#8221;14px&#8221; button_text_color=&#8221;#FFFFFF&#8221; button_bg_color=&#8221;#a88fcd&#8221; button_border_color=&#8221;rgba(0,0,0,0)&#8221; button_border_radius=&#8221;0px&#8221; button_letter_spacing=&#8221;4px&#8221; button_font=&#8221;Bebas Neue||||||||&#8221; button_icon=&#8221;%%3%%&#8221; button_custom_padding=&#8221;15px|40px|15px|40px|true|true&#8221; hover_enabled=&#8221;0&#8243; border_width_all=&#8221;1px&#8221; border_color_all=&#8221;#e6e6e6&#8243; sticky_enabled=&#8221;0&#8243;][et_pb_contact_field field_id=&#8221;Name&#8221; field_title=&#8221;Naam&#8221; fullwidth_field=&#8221;on&#8221; _builder_version=&#8221;4.9.0&#8243; button_text_size__hover_enabled=&#8221;off&#8221; button_one_text_size__hover_enabled=&#8221;off&#8221; button_two_text_size__hover_enabled=&#8221;off&#8221; button_text_color__hover_enabled=&#8221;off&#8221; button_one_text_color__hover_enabled=&#8221;off&#8221; button_two_text_color__hover_enabled=&#8221;off&#8221; button_border_width__hover_enabled=&#8221;off&#8221; button_one_border_width__hover_enabled=&#8221;off&#8221; button_two_border_width__hover_enabled=&#8221;off&#8221; button_border_color__hover_enabled=&#8221;off&#8221; button_one_border_color__hover_enabled=&#8221;off&#8221; button_two_border_color__hover_enabled=&#8221;off&#8221; button_border_radius__hover_enabled=&#8221;off&#8221; button_one_border_radius__hover_enabled=&#8221;off&#8221; button_two_border_radius__hover_enabled=&#8221;off&#8221; button_letter_spacing__hover_enabled=&#8221;off&#8221; button_one_letter_spacing__hover_enabled=&#8221;off&#8221; button_two_letter_spacing__hover_enabled=&#8221;off&#8221; button_bg_color__hover_enabled=&#8221;off&#8221; button_one_bg_color__hover_enabled=&#8221;off&#8221; button_two_bg_color__hover_enabled=&#8221;off&#8221;][\/et_pb_contact_field][et_pb_contact_field field_id=&#8221;Email&#8221; field_title=&#8221;Email&#8221; field_type=&#8221;email&#8221; fullwidth_field=&#8221;on&#8221; _builder_version=&#8221;4.9.4&#8243; button_text_size__hover_enabled=&#8221;off&#8221; button_one_text_size__hover_enabled=&#8221;off&#8221; button_two_text_size__hover_enabled=&#8221;off&#8221; button_text_color__hover_enabled=&#8221;off&#8221; button_one_text_color__hover_enabled=&#8221;off&#8221; button_two_text_color__hover_enabled=&#8221;off&#8221; button_border_width__hover_enabled=&#8221;off&#8221; button_one_border_width__hover_enabled=&#8221;off&#8221; button_two_border_width__hover_enabled=&#8221;off&#8221; button_border_color__hover_enabled=&#8221;off&#8221; button_one_border_color__hover_enabled=&#8221;off&#8221; button_two_border_color__hover_enabled=&#8221;off&#8221; button_border_radius__hover_enabled=&#8221;off&#8221; button_one_border_radius__hover_enabled=&#8221;off&#8221; button_two_border_radius__hover_enabled=&#8221;off&#8221; button_letter_spacing__hover_enabled=&#8221;off&#8221; button_one_letter_spacing__hover_enabled=&#8221;off&#8221; button_two_letter_spacing__hover_enabled=&#8221;off&#8221; button_bg_color__hover_enabled=&#8221;off&#8221; button_one_bg_color__hover_enabled=&#8221;off&#8221; button_two_bg_color__hover_enabled=&#8221;off&#8221;][\/et_pb_contact_field][et_pb_contact_field field_id=&#8221;Message&#8221; field_title=&#8221;Bericht&#8221; field_type=&#8221;text&#8221; fullwidth_field=&#8221;on&#8221; _builder_version=&#8221;4.9.4&#8243; button_text_size__hover_enabled=&#8221;off&#8221; button_one_text_size__hover_enabled=&#8221;off&#8221; button_two_text_size__hover_enabled=&#8221;off&#8221; button_text_color__hover_enabled=&#8221;off&#8221; button_one_text_color__hover_enabled=&#8221;off&#8221; button_two_text_color__hover_enabled=&#8221;off&#8221; button_border_width__hover_enabled=&#8221;off&#8221; button_one_border_width__hover_enabled=&#8221;off&#8221; button_two_border_width__hover_enabled=&#8221;off&#8221; button_border_color__hover_enabled=&#8221;off&#8221; button_one_border_color__hover_enabled=&#8221;off&#8221; button_two_border_color__hover_enabled=&#8221;off&#8221; button_border_radius__hover_enabled=&#8221;off&#8221; button_one_border_radius__hover_enabled=&#8221;off&#8221; button_two_border_radius__hover_enabled=&#8221;off&#8221; button_letter_spacing__hover_enabled=&#8221;off&#8221; button_one_letter_spacing__hover_enabled=&#8221;off&#8221; button_two_letter_spacing__hover_enabled=&#8221;off&#8221; button_bg_color__hover_enabled=&#8221;off&#8221; button_one_bg_color__hover_enabled=&#8221;off&#8221; button_two_bg_color__hover_enabled=&#8221;off&#8221;][\/et_pb_contact_field][\/et_pb_contact_form][\/et_pb_column][\/et_pb_row][\/et_pb_section][et_pb_section fb_built=&#8221;1&#8243; _builder_version=&#8221;4.9.0&#8243; _module_preset=&#8221;default&#8221;][et_pb_row column_structure=&#8221;1_2,1_2&#8243; _builder_version=&#8221;4.9.0&#8243; _module_preset=&#8221;default&#8221;][et_pb_column type=&#8221;1_2&#8243; _builder_version=&#8221;4.9.0&#8243; _module_preset=&#8221;default&#8221;][et_pb_image src=&#8221;https:\/\/recoverycabin.com\/wp-content\/uploads\/2022\/04\/20210129_123700-scaled.jpg&#8221; alt=&#8221;Marian Locatie Zundert Recovery Cabin&#8221; title_text=&#8221;20210129_123700&#8243; force_fullwidth=&#8221;on&#8221; _builder_version=&#8221;4.9.4&#8243; _module_preset=&#8221;default&#8221; module_alignment=&#8221;center&#8221; hover_enabled=&#8221;0&#8243; border_radii=&#8221;on|15px|15px|15px|15px&#8221; sticky_enabled=&#8221;0&#8243;][\/et_pb_image][\/et_pb_column][et_pb_column type=&#8221;1_2&#8243; _builder_version=&#8221;4.9.0&#8243; _module_preset=&#8221;default&#8221;][et_pb_text _builder_version=&#8221;4.9.4&#8243; _module_preset=&#8221;default&#8221; header_2_font=&#8221;Bebas Neue||||||||&#8221; header_2_font_size=&#8221;80px&#8221; custom_margin=&#8221;||10px||false|false&#8221; hover_enabled=&#8221;0&#8243; header_2_font_size_tablet=&#8221;42px&#8221; header_2_font_size_phone=&#8221;30px&#8221; header_2_font_size_last_edited=&#8221;on|phone&#8221; header_2_line_height_tablet=&#8221;1.2em&#8221; header_2_line_height_phone=&#8221;&#8221; header_2_line_height_last_edited=&#8221;on|tablet&#8221; locked=&#8221;off&#8221; sticky_enabled=&#8221;0&#8243;]<h1>Brigitte Broers<\/h1>[\/et_pb_text][et_pb_text _builder_version=&#8221;4.9.4&#8243; _module_preset=&#8221;default&#8221; text_font_size=&#8221;17px&#8221; header_font_size=&#8221;32px&#8221; hover_enabled=&#8221;0&#8243; sticky_enabled=&#8221;0&#8243;]<p><strong>Naam:<\/strong> Brigitte Broers<br \/><strong>Bedrijf:<\/strong> <strong>: <\/strong><span><a href=\"http:\/\/www.bbmeer.be\">www.bbmeer.be<\/a><\/span><\/p>\n<ul>\n<li>Sportverzorging &amp; massage<\/li>\n<li>(Workshop) EHBO<\/li>\n<li>Aromatherapie<\/li>\n<li>Docent babymassage<\/li>\n<\/ul>\n<p><strong>Ervaring:<\/strong><\/p>\n<p>Sinds 2015 heb ik mijn eigen massage praktijk aan huis. Door de jaren heen ben ik me gaan specialiseren in diverse massage\/behandel technieken, deze combineer ik vaak in mijn behandelingen.\u00a0Verder maak ik mijn massage oli\u00ebn zelf met diverse kwaliteitsvolle vette plantoli\u00ebn en voeg daar essenti\u00eble oli\u00ebn naar behoefte aan toe.<\/p>\n<p>Door zelf gebruik te maken van de Recovery Cabine ben ik tot de conclusie gekomen dat dit een meerwaarde kan zijn voor het algemene welzijn van lichaam en geest.<\/p>\n<p><strong>Specialiteiten:\u00a0<\/strong><\/p>\n<ul>\n<li>Bindweefselmassage<\/li>\n<li>Cupping-therapie<\/li>\n<li>Dorn &amp; Breuss techniek<\/li>\n<li>EHBO workshops<\/li>\n<li>Workshop natuurlijke huidverzorging<\/li>\n<\/ul>[\/et_pb_text][\/et_pb_column][\/et_pb_row][\/et_pb_section][et_pb_section fb_built=&#8221;1&#8243; admin_label=&#8221;Contact Info&#8221; _builder_version=&#8221;4.6.5&#8243; _module_preset=&#8221;default&#8221;][et_pb_row column_structure=&#8221;1_3,1_3,1_3&#8243; use_custom_gutter=&#8221;on&#8221; gutter_width=&#8221;2&#8243; make_equal=&#8221;on&#8221; _builder_version=&#8221;4.9.4&#8243; _module_preset=&#8221;default&#8221;][et_pb_column type=&#8221;1_3&#8243; _builder_version=&#8221;4.9.4&#8243; _module_preset=&#8221;default&#8221; background_color=&#8221;#000000&#8243; custom_padding=&#8221;50px|20px|70px|20px|false|true&#8221; custom_padding_tablet=&#8221;30px||40px||false|false&#8221; custom_padding_phone=&#8221;|||||false&#8221; custom_padding_last_edited=&#8221;on|desktop&#8221; border_radii=&#8221;off|15px|15px|15px|15px&#8221;][et_pb_blurb title=&#8221;Locatie Meer&#8221; use_icon=&#8221;on&#8221; font_icon=&#8221;%%249%%&#8221; icon_color=&#8221;#ffffff&#8221; use_icon_font_size=&#8221;on&#8221; icon_font_size=&#8221;30px&#8221; _builder_version=&#8221;4.9.4&#8243; _module_preset=&#8221;default&#8221; header_font=&#8221;Bebas Neue||||||||&#8221; header_font_size=&#8221;30px&#8221; header_letter_spacing=&#8221;1px&#8221; header_line_height=&#8221;1.2em&#8221; background_enable_color=&#8221;off&#8221; text_orientation=&#8221;center&#8221; background_layout=&#8221;dark&#8221; animation=&#8221;off&#8221; hover_enabled=&#8221;0&#8243; header_font_size_tablet=&#8221;22px&#8221; header_font_size_phone=&#8221;18px&#8221; header_font_size_last_edited=&#8221;on|phone&#8221; sticky_enabled=&#8221;0&#8243;]<p><span>Adres Wildertstraat 11 a<\/span><br \/><span>4884 MX Wernhout (Gemeente Zundert)<\/span><br \/>E-mail: <span><a href=\"mailto:brigittebroers@outlook.com\">brigittebroers@outlook.com<\/a><\/span><\/p>[\/et_pb_blurb][\/et_pb_column][et_pb_column type=&#8221;1_3&#8243; _builder_version=&#8221;4.9.4&#8243; _module_preset=&#8221;default&#8221; background_color=&#8221;#a88fcd&#8221; custom_padding=&#8221;50px|20px|70px|20px|false|true&#8221; custom_padding_tablet=&#8221;30px||40px||false|false&#8221; custom_padding_phone=&#8221;|||||false&#8221; custom_padding_last_edited=&#8221;on|desktop&#8221; border_radii=&#8221;off|15px|15px|15px|15px&#8221;][et_pb_blurb title=&#8221;Telefoon&#8221; use_icon=&#8221;on&#8221; font_icon=&#8221;%%238%%&#8221; icon_color=&#8221;#ffffff&#8221; use_icon_font_size=&#8221;on&#8221; icon_font_size=&#8221;30px&#8221; _builder_version=&#8221;4.9.4&#8243; _module_preset=&#8221;default&#8221; header_font=&#8221;Bebas Neue||||||||&#8221; header_font_size=&#8221;30px&#8221; header_letter_spacing=&#8221;1px&#8221; header_line_height=&#8221;1.2em&#8221; background_enable_color=&#8221;off&#8221; text_orientation=&#8221;center&#8221; background_layout=&#8221;dark&#8221; animation=&#8221;off&#8221; hover_enabled=&#8221;0&#8243; header_font_size_tablet=&#8221;22px&#8221; header_font_size_phone=&#8221;18px&#8221; header_font_size_last_edited=&#8221;on|phone&#8221; locked=&#8221;off&#8221; sticky_enabled=&#8221;0&#8243;]<p>Bel of WhatsApp naar:<br \/>+32\u00a0479 34 18 49<br \/><span>Voor het maken van een afspraak of meer informatie.\u00a0<\/span><\/p>[\/et_pb_blurb][\/et_pb_column][et_pb_column type=&#8221;1_3&#8243; _builder_version=&#8221;4.9.4&#8243; _module_preset=&#8221;default&#8221; custom_padding=&#8221;50px||||false|false&#8221; custom_padding_tablet=&#8221;0px||||false|false&#8221; custom_padding_phone=&#8221;|||||false&#8221; custom_padding_last_edited=&#8221;on|desktop&#8221; border_radii=&#8221;on|15px|15px|15px|15px&#8221;][et_pb_text _builder_version=&#8221;4.9.4&#8243; _module_preset=&#8221;default&#8221; header_3_font=&#8221;Bebas Neue||||||||&#8221; header_3_font_size=&#8221;30px&#8221; header_3_letter_spacing=&#8221;1px&#8221; header_3_line_height=&#8221;1.2em&#8221; custom_margin=&#8221;||0px||false|false&#8221; header_3_font_size_tablet=&#8221;20px&#8221; header_3_font_size_phone=&#8221;16px&#8221; header_3_font_size_last_edited=&#8221;on|phone&#8221;]<h3>Openingstijden<\/h3>\n<h3><\/h3>[\/et_pb_text][et_pb_text _builder_version=&#8221;4.9.4&#8243; _module_preset=&#8221;default&#8221; text_line_height=&#8221;1.8em&#8221; custom_margin=&#8221;||10px||false|false&#8221; hover_enabled=&#8221;0&#8243; sticky_enabled=&#8221;0&#8243;]<p style=\"font-weight: 400;\">Maandag\u00a0 \u00a0 \u00a0 \u00a0 09.00 \u2013 20.00 uur<\/p>\n<p style=\"font-weight: 400;\">Andere dagen kunnen op verzoek.<\/p>[\/et_pb_text][\/et_pb_column][\/et_pb_row][et_pb_row use_custom_gutter=&#8221;on&#8221; make_equal=&#8221;on&#8221; _builder_version=&#8221;4.9.4&#8243; _module_preset=&#8221;default&#8221; min_height=&#8221;164px&#8221;][et_pb_column type=&#8221;4_4&#8243; _builder_version=&#8221;4.6.6&#8243; _module_preset=&#8221;default&#8221; custom_padding=&#8221;120px||||false|false&#8221; custom_padding_tablet=&#8221;0px||||false|false&#8221; custom_padding_phone=&#8221;&#8221; custom_padding_last_edited=&#8221;on|tablet&#8221;][et_pb_social_media_follow _builder_version=&#8221;4.9.4&#8243; _module_preset=&#8221;default&#8221; background_enable_color=&#8221;off&#8221; text_orientation=&#8221;right&#8221; custom_padding=&#8221;||||false|false&#8221; text_orientation_tablet=&#8221;center&#8221; text_orientation_phone=&#8221;&#8221; text_orientation_last_edited=&#8221;on|phone&#8221; border_radii=&#8221;on|50px|50px|50px|50px&#8221; border_width_all=&#8221;10px&#8221; border_color_all=&#8221;rgba(0,0,0,0)&#8221; locked=&#8221;off&#8221; body_font_size_tablet=&#8221;20px&#8221; body_font_size_phone=&#8221;16px&#8221; body_font_size_last_edited=&#8221;on|phone&#8221;][et_pb_social_media_follow_network social_network=&#8221;facebook&#8221; url=&#8221;https:\/\/www.facebook.com\/recoverycabin&#8221; _builder_version=&#8221;4.9.4&#8243; _module_preset=&#8221;default&#8221; background_color=&#8221;#000000&#8243; background_enable_color=&#8221;on&#8221; follow_button=&#8221;off&#8221; url_new_window=&#8221;on&#8221;]facebook[\/et_pb_social_media_follow_network][et_pb_social_media_follow_network social_network=&#8221;instagram&#8221; url=&#8221;https:\/\/www.instagram.com\/recoverycabin\/&#8221; _builder_version=&#8221;4.9.4&#8243; _module_preset=&#8221;default&#8221; background_color=&#8221;#ea2c59&#8243; background_enable_color=&#8221;on&#8221; follow_button=&#8221;off&#8221; url_new_window=&#8221;on&#8221;]instagram[\/et_pb_social_media_follow_network][et_pb_social_media_follow_network social_network=&#8221;youtube&#8221; url=&#8221;https:\/\/www.youtube.com\/user\/GelaatkundeFB&#8221; _builder_version=&#8221;4.9.4&#8243; _module_preset=&#8221;default&#8221; background_color=&#8221;#a82400&#8243; background_enable_color=&#8221;on&#8221; follow_button=&#8221;off&#8221; url_new_window=&#8221;on&#8221;]youtube[\/et_pb_social_media_follow_network][\/et_pb_social_media_follow][\/et_pb_column][\/et_pb_row][\/et_pb_section]\n","protected":false},"excerpt":{"rendered":"<p>LOCATIE MeerMet de Recovery Cabin kom je terug naar &#8216;jou&#8217;. Dit door het volgen van een programma wat bij jou past. Het kan zijn dat je dit preventief inzet of gericht op een bepaalde pijnklacht, of iets waar je vanaf wilt.\u00a0 De Recovery Cabin is een infrarood cabine waar je tot tot net boven jouw [&hellip;]<\/p>\n","protected":false},"author":2,"featured_media":0,"parent":0,"menu_order":0,"comment_status":"closed","ping_status":"closed","template":"","meta":{"_et_pb_use_builder":"on","_et_pb_old_content":"","_et_gb_content_width":"","footnotes":""},"class_list":["post-1418","page","type-page","status-publish","hentry"],"yoast_head":"<!-- This site is optimized with the Yoast SEO plugin v27.3 - https:\/\/yoast.com\/product\/yoast-seo-wordpress\/ -->\n<title>Locatie Meer - Health, Mind &amp; Body<\/title>\n<meta name=\"description\" content=\"Recovery Cabin | Locatie Meer, wil je beter slapen, een detox of heb je last van sportblessures dan is de Recovery cabin iets voor jouw!\" \/>\n<meta name=\"robots\" content=\"index, follow, max-snippet:-1, max-image-preview:large, max-video-preview:-1\" \/>\n<link rel=\"canonical\" href=\"https:\/\/recoverycabin.com\/en\/locatie-meer\/\" \/>\n<meta property=\"og:locale\" content=\"en_GB\" \/>\n<meta property=\"og:type\" content=\"article\" \/>\n<meta property=\"og:title\" content=\"Locatie Meer - Health, Mind &amp; Body\" \/>\n<meta property=\"og:description\" content=\"Recovery Cabin | Locatie Meer, wil je beter slapen, een detox of heb je last van sportblessures dan is de Recovery cabin iets voor jouw!\" \/>\n<meta property=\"og:url\" content=\"https:\/\/recoverycabin.com\/en\/locatie-meer\/\" \/>\n<meta property=\"og:site_name\" content=\"Health, Mind &amp; Body\" \/>\n<meta property=\"article:publisher\" content=\"https:\/\/www.facebook.com\/recoverycabin\" \/>\n<meta property=\"article:modified_time\" content=\"2022-04-07T07:34:56+00:00\" \/>\n<meta name=\"twitter:card\" content=\"summary_large_image\" \/>\n<meta name=\"twitter:label1\" content=\"Estimated reading time\" \/>\n\t<meta name=\"twitter:data1\" content=\"4 minutes\" \/>\n<script type=\"application\/ld+json\" class=\"yoast-schema-graph\">{\"@context\":\"https:\\\/\\\/schema.org\",\"@graph\":[{\"@type\":\"WebPage\",\"@id\":\"https:\\\/\\\/recoverycabin.com\\\/locatie-meer\\\/\",\"url\":\"https:\\\/\\\/recoverycabin.com\\\/locatie-meer\\\/\",\"name\":\"Locatie Meer - Health, Mind &amp; Body\",\"isPartOf\":{\"@id\":\"https:\\\/\\\/recoverycabin.com\\\/#website\"},\"datePublished\":\"2022-04-07T07:29:09+00:00\",\"dateModified\":\"2022-04-07T07:34:56+00:00\",\"description\":\"Recovery Cabin | Locatie Meer, wil je beter slapen, een detox of heb je last van sportblessures dan is de Recovery cabin iets voor jouw!\",\"breadcrumb\":{\"@id\":\"https:\\\/\\\/recoverycabin.com\\\/locatie-meer\\\/#breadcrumb\"},\"inLanguage\":\"en-GB\",\"potentialAction\":[{\"@type\":\"ReadAction\",\"target\":[\"https:\\\/\\\/recoverycabin.com\\\/locatie-meer\\\/\"]}]},{\"@type\":\"BreadcrumbList\",\"@id\":\"https:\\\/\\\/recoverycabin.com\\\/locatie-meer\\\/#breadcrumb\",\"itemListElement\":[{\"@type\":\"ListItem\",\"position\":1,\"name\":\"Home\",\"item\":\"https:\\\/\\\/recoverycabin.com\\\/\"},{\"@type\":\"ListItem\",\"position\":2,\"name\":\"Locatie Meer\"}]},{\"@type\":\"WebSite\",\"@id\":\"https:\\\/\\\/recoverycabin.com\\\/#website\",\"url\":\"https:\\\/\\\/recoverycabin.com\\\/\",\"name\":\"Health, Mind &amp; Body\",\"description\":\"Recovery Cabin\",\"potentialAction\":[{\"@type\":\"SearchAction\",\"target\":{\"@type\":\"EntryPoint\",\"urlTemplate\":\"https:\\\/\\\/recoverycabin.com\\\/?s={search_term_string}\"},\"query-input\":{\"@type\":\"PropertyValueSpecification\",\"valueRequired\":true,\"valueName\":\"search_term_string\"}}],\"inLanguage\":\"en-GB\"}]}<\/script>\n<!-- \/ Yoast SEO plugin. -->","yoast_head_json":{"title":"Locatie Meer - Health, Mind &amp; Body","description":"Recovery Cabin | Locatie Meer, wil je beter slapen, een detox of heb je last van sportblessures dan is de Recovery cabin iets voor jouw!","robots":{"index":"index","follow":"follow","max-snippet":"max-snippet:-1","max-image-preview":"max-image-preview:large","max-video-preview":"max-video-preview:-1"},"canonical":"https:\/\/recoverycabin.com\/en\/locatie-meer\/","og_locale":"en_GB","og_type":"article","og_title":"Locatie Meer - Health, Mind &amp; Body","og_description":"Recovery Cabin | Locatie Meer, wil je beter slapen, een detox of heb je last van sportblessures dan is de Recovery cabin iets voor jouw!","og_url":"https:\/\/recoverycabin.com\/en\/locatie-meer\/","og_site_name":"Health, Mind &amp; Body","article_publisher":"https:\/\/www.facebook.com\/recoverycabin","article_modified_time":"2022-04-07T07:34:56+00:00","twitter_card":"summary_large_image","twitter_misc":{"Estimated reading time":"4 minutes"},"schema":{"@context":"https:\/\/schema.org","@graph":[{"@type":"WebPage","@id":"https:\/\/recoverycabin.com\/locatie-meer\/","url":"https:\/\/recoverycabin.com\/locatie-meer\/","name":"Locatie Meer - Health, Mind &amp; Body","isPartOf":{"@id":"https:\/\/recoverycabin.com\/#website"},"datePublished":"2022-04-07T07:29:09+00:00","dateModified":"2022-04-07T07:34:56+00:00","description":"Recovery Cabin | Locatie Meer, wil je beter slapen, een detox of heb je last van sportblessures dan is de Recovery cabin iets voor jouw!","breadcrumb":{"@id":"https:\/\/recoverycabin.com\/locatie-meer\/#breadcrumb"},"inLanguage":"en-GB","potentialAction":[{"@type":"ReadAction","target":["https:\/\/recoverycabin.com\/locatie-meer\/"]}]},{"@type":"BreadcrumbList","@id":"https:\/\/recoverycabin.com\/locatie-meer\/#breadcrumb","itemListElement":[{"@type":"ListItem","position":1,"name":"Home","item":"https:\/\/recoverycabin.com\/"},{"@type":"ListItem","position":2,"name":"Locatie Meer"}]},{"@type":"WebSite","@id":"https:\/\/recoverycabin.com\/#website","url":"https:\/\/recoverycabin.com\/","name":"Health, Mind &amp; Body","description":"Recovery Cabin","potentialAction":[{"@type":"SearchAction","target":{"@type":"EntryPoint","urlTemplate":"https:\/\/recoverycabin.com\/?s={search_term_string}"},"query-input":{"@type":"PropertyValueSpecification","valueRequired":true,"valueName":"search_term_string"}}],"inLanguage":"en-GB"}]}},"_links":{"self":[{"href":"https:\/\/recoverycabin.com\/en\/wp-json\/wp\/v2\/pages\/1418","targetHints":{"allow":["GET"]}}],"collection":[{"href":"https:\/\/recoverycabin.com\/en\/wp-json\/wp\/v2\/pages"}],"about":[{"href":"https:\/\/recoverycabin.com\/en\/wp-json\/wp\/v2\/types\/page"}],"author":[{"embeddable":true,"href":"https:\/\/recoverycabin.com\/en\/wp-json\/wp\/v2\/users\/2"}],"replies":[{"embeddable":true,"href":"https:\/\/recoverycabin.com\/en\/wp-json\/wp\/v2\/comments?post=1418"}],"version-history":[{"count":4,"href":"https:\/\/recoverycabin.com\/en\/wp-json\/wp\/v2\/pages\/1418\/revisions"}],"predecessor-version":[{"id":1430,"href":"https:\/\/recoverycabin.com\/en\/wp-json\/wp\/v2\/pages\/1418\/revisions\/1430"}],"wp:attachment":[{"href":"https:\/\/recoverycabin.com\/en\/wp-json\/wp\/v2\/media?parent=1418"}],"curies":[{"name":"wp","href":"https:\/\/api.w.org\/{rel}","templated":true}]}}